{"id":119175,"date":"2026-02-17T09:50:53","date_gmt":"2026-02-17T08:50:53","guid":{"rendered":"https:\/\/roweryzpasja.pl\/sklep\/bez-kategorii\/romet-e-modeco-2-0-urb-17-725whszampanski-czarny-28170865-a\/"},"modified":"2026-02-17T09:50:53","modified_gmt":"2026-02-17T08:50:53","slug":"romet-e-modeco-2-0-urb-17-725whszampanski-czarny-28170865-a","status":"publish","type":"product","link":"https:\/\/roweryzpasja.pl\/en\/sklep\/bez-kategorii\/romet-e-modeco-2-0-urb-17-725whszampanski-czarny-28170865-a\/","title":{"rendered":"ROMET E-MODECO 2.0 URB 17&#8243; 725WHSZAMPA\u0143SKI-CZARNY 28170865-A"},"content":{"rendered":"<section class=\"section\">\n<div class=\"item item-12\">\n<section class=\"text-item\">\n<h2>Romet E-MODECO URB 2.0 to miejski rower elektryczny o zwi\u0119kszonej pojemno\u015bci baterii, kt\u00f3ra pozwala na d\u0142u\u017csze przejazdy. Jest to praktyczny rower miejski, kt\u00f3ry oferuje komfortow\u0105 jazd\u0119 i doskonale sprawdza si\u0119 zar\u00f3wno w mie\u015bcie, jak i poza nim.<\/h2>\n<p>\u2705Bateria o pojemno\u015bci 725Wh zapewnia zwi\u0119kszony zasi\u0119g roweru, co pozwala na d\u0142u\u017csze podr\u00f3\u017ce bez konieczno\u015bci cz\u0119stego \u0142adowania.<\/p>\n<p>\u2705Rower wyposa\u017cony jest w amortyzowany widelec przedni, amortyzowan\u0105 sztyc\u0119 i du\u017ce ko\u0142a o \u015brednicy 28 cali, co minimalizuje odczuwanie drga\u0144 i wstrz\u0105s\u00f3w podczas jazdy po nier\u00f3wno\u015bciach.<\/p>\n<p>\u2705Dzi\u0119ki przerzutce z dziewi\u0119cioma prze\u0142o\u017ceniami, rower jest wszechstronny i nadaje si\u0119 zar\u00f3wno dla m\u0119\u017cczyzn, jak i kobiet, staj\u0105c si\u0119 doskona\u0142ym \u015brodkiem transportu miejskiego.<\/p>\n<\/section><\/div>\n<\/section>\n<section class=\"section\">\n<div class=\"item item-6\">\n<section class=\"image-item\"><img decoding=\"async\" src=\"https:\/\/upload.cdn.baselinker.com\/products\/4016101\/94f1dd8eb80f77eab77524d1a3cab994.jpg\" \/><\/section>\n<\/p><\/div>\n<div class=\"item item-6\">\n<section class=\"text-item\">\n<p>\u2705 <b>MATERIA\u0141 RAMY:<\/b> Aluminium 6061<\/p>\n<p>\u2705 <b>ROZMIAR RAMY:<\/b> 17&#8243;<\/p>\n<p>\u2705 <b>ZASI\u0118G:<\/b> do 160km<\/p>\n<p>\u2705 <b>WIDELEC: <\/b>Suntour NVX32-Boost-NLO-DS, 80mm, tapered<\/p>\n<p>\u2705<b> SKOK WIDELCA:<\/b> 80 mm<\/p>\n<p>\u2705 <b>WYKO\u0143CZENIE LAKIERU:<\/b> Br\u0105zowo-czarny<\/p>\n<p>\u2705 <b>KOLOR RAMY:<\/b> Szampa\u0144ski<\/p>\n<p>\u2705 <b>PRZERZUTKA TY\u0141:<\/b> Shimano Cues RD-U4000<\/p>\n<p>\u2705 <b>WAGA:<\/b> Oko\u0142o 29,1 kg<\/p>\n<p>\u2705 <b>SILNIK:<\/b> Bafang M200 centralny<\/p>\n<p>\u2705 <b>MOC SILNIKA: <\/b>250 Watt<\/p>\n<p>\u2705 <b>UMIEJSCOWIENIE SILNIKA:<\/b> Centralnie<\/p>\n<p>\u2705 <b>RODZAJ BATERII:<\/b> 720Wh<\/p>\n<p>\u2705 <b>MOMENT OBROTOWY:<\/b> 65nm<\/p>\n<p>\u2705 <b>WY\u015aWIETLACZ:<\/b> Wy\u015bwietlacz IPS B02C<\/p>\n<p>\u2705 <b>MAKSYMALNA PR\u0118DKO\u015a\u0106 WSPOMAGANIA: <\/b>25 km\/h<\/p>\n<\/section><\/div>\n<\/section>\n<section class=\"section\">\n<div class=\"item item-12\">\n<section class=\"text-item\">\n<h2>\u2b50&nbsp;Romet&nbsp;jest kultow\u0105 mark\u0105.<\/h2>\n<p>Je\u015bli pami\u0119tasz ten symbol, to znaczy, \u017ce mia\u0142e\u015b fajne dzieci\u0144stwo. Sentyment pozosta\u0142, a rowery to dzi\u015b zupe\u0142nie nowe mo\u017cliwo\u015bci i wyzwania \u2013 autorskie projekty, bezkompromisowe koncepty, zaawansowana technologia. Ambicj\u0105 firmy&nbsp;jest, aby stworzone w Polsce rowery by\u0142y kojarzone z jako\u015bci\u0105, nowoczesno\u015bci\u0105 i niezawodno\u015bci\u0105. Ramy do&nbsp;ich&nbsp;rower\u00f3w produkowane s\u0105&nbsp;w zrobotyzowanej fabryce, kt\u00f3ra wykorzystuje najnowsze \u015bwiatowe technologie. Zaawansowany proces produkcji \u0142\u0105czy si\u0119&nbsp;z rygorystycznymi testami wirtualnymi w laboratorium oraz w terenie. Od prototypu na ekranie komputera \u2013 po laserowe spawanie i ci\u0119cie aluminium \u2013 kontrola przy&nbsp;ka\u017cdym&nbsp;etapie. Dzi\u0119ki temu mog\u0105&nbsp;da\u0107 do\u017cywotni\u0105 gwarancj\u0119 na ram\u0119 Twojego roweru&nbsp;Romet.<\/p>\n<\/section><\/div>\n<\/section>\n<section class=\"section\">\n<div class=\"item item-12\">\n<section class=\"text-item\">\n<h2>\u2b50&nbsp;Rowery elektryczne \u2013 Dalej, \u0142atwiej, wi\u0119cej!<\/h2>\n<p>Tam, gdzie potrzebujesz wi\u0119kszej kontroli, zastosowano centralnie umieszczone silniki elektryczne. Znajdziesz je w rowerach&nbsp;ROMET&nbsp;E-MTB. Obni\u017cony \u015brodek ci\u0119\u017cko\u015bci daje Ci pewno\u015b\u0107 i szybko\u015b\u0107 na technicznych zjazdach. Wsz\u0119dzie tam, gdzie potrzebujesz sportowego charakteru swojego roweru, centralny nap\u0119d daje t\u0119 moc. Za\u015b w miejskich i turystycznych, zastosowane systemy oparte o silnik umieszczony w pia\u015bcie. To rozwi\u0105zanie \u0142\u0105czy wygod\u0119 podr\u00f3\u017cowania ze stabilno\u015bci\u0105 oraz niewielk\u0105 cen\u0105. Oszcz\u0119dzaj czas, pieni\u0105dze i chro\u0144 \u015brodowisko. W polskich miastach masowo przybywa infrastruktury i \u015bcie\u017cek rowerowych. Rewolucja trwa, wi\u0119c wskakuj na siode\u0142ko! Nie wybieraj mi\u0119dzy rytmem codziennych spraw a ekologi\u0105 &#8211; miej wszystkie!<\/p>\n<\/section><\/div>\n<\/section>\n<section class=\"section\">\n<div class=\"item item-12\">\n<section class=\"text-item\">\n<h2>\u2699\ufe0fSPECYFIKACJA\u2699\ufe0f<\/h2>\n<ul>\n<li><b>Kod producenta:<\/b> 5904803167333<\/li>\n<li><b>Model:<\/b> e-Modeco URB 2.0<\/li>\n<li><b>Marka:<\/b> Romet<\/li>\n<li><b>Rozmiar ramy:<\/b> M, 17&#8243;<\/li>\n<li><b>Rozmiar ko\u0142a:<\/b> 28&#8243;<\/li>\n<li><b>Kolor:<\/b> szampa\u0144ski<\/li>\n<li><b>Materia\u0142 ramy:<\/b> aluminium<\/li>\n<li><b>Waga produktu z opakowaniem jednostkowym:<\/b> 29,1<\/li>\n<li><b>Liczba bieg\u00f3w:<\/b> 9<\/li>\n<li><b>Hamulce:<\/b> tarczowe hydrauliczne<\/li>\n<li><b>Rodzaj przerzutki:<\/b> zewn\u0119trzna<\/li>\n<li><b>Amortyzacja:<\/b> Suntour NVX32-Boost-NLO-DS<\/li>\n<li><b>Skok amortyzatora:<\/b> 80mm<\/li>\n<li><b>Tylny amortyzator:<\/b> brak<\/li>\n<li><b>Wyposa\u017cenie dodatkowe:<\/b> O\u015bwietlenie<\/li>\n<li><b>Korba:<\/b> jednorz\u0119dowa<\/li>\n<li><b>Peda\u0142y:<\/b> platformowe<\/li>\n<li><b>Rok produkcji:<\/b> 2024<\/li>\n<li><b>Wyko\u0144czenie lakieru:<\/b> po\u0142ysk<\/li>\n<li><b>Przerzutka prz\u00f3d:<\/b> brak<\/li>\n<li><b>Przerzutka ty\u0142:<\/b> Shimano Cues RD-U4000<\/li>\n<li><b>Manetki:<\/b> Shimano Cues SL-U4010 9 bieg\u00f3w<\/li>\n<li><b>Ko\u0142a obr\u0119cze:<\/b> Aluminiowe dwukomorowe RMT Components<\/li>\n<li><b>Opony:<\/b> Schwalbe Energizer Plus 29&#8243;x2.20&#8243;<\/li>\n<li><b>Kaseta \/ wolnobieg:<\/b> Shimano Cues CS-LG300-9, 11-41T, 9 bieg\u00f3w<\/li>\n<li><b>Mechanizm korbowy:<\/b> Prowheel 38T 170mm<\/li>\n<li><b>Hamulce prz\u00f3d:<\/b> Shimano BL-MT200 hydrauliczny<\/li>\n<li><b>Hamulce ty\u0142:<\/b> Shimano BL-MT200 hydrauliczny<\/li>\n<li><b>Kierownica:<\/b> Aluminiowa M-640mm\/L-660mm, 31,8mm<\/li>\n<li><b>Siod\u0142o:<\/b> Selle Royal Essenza Plus Relaxed<\/li>\n<li><b>Piasta prz\u00f3d:<\/b> Aluminiowa 15x110mm<\/li>\n<li><b>Piasta ty\u0142:<\/b> Aluminiowa 15&#215;142<\/li>\n<li><b>Nap\u0119d elektryczny:<\/b> Tak<\/li>\n<li><b>Moc silnika:<\/b> 250 W<\/li>\n<li><b>Silnik:<\/b> Bafang M200<\/li>\n<li><b>Pojemno\u015b\u0107 baterii:<\/b> 725 Wh<\/li>\n<li><b>Maksymalny moment obrotowy: <\/b>65nm<\/li>\n<li><b>Wy\u015bwietlacz:<\/b> Wy\u015bwietlacz IPS B02C<\/li>\n<li><b>Zasi\u0119g:<\/b> 80km<\/li>\n<li><b>P\u0142e\u0107:<\/b> unisex<\/li>\n<\/ul>\n<\/section><\/div>\n<\/section>\n<section class=\"section\">\n<div class=\"item item-12\">\n<section class=\"text-item\">\n<p>\u2b50Istotn\u0105 zalet\u0105 rower\u00f3w elektrycznych jest to, \u017ce umo\u017cliwiaj\u0105 pokonywanie znacznie wi\u0119kszych odleg\u0142o\u015bci ni\u017c kiedykolwiek. Dzi\u0119ki pojemnym bateriom oraz specjalnie zaprojektowanym uk\u0142adom wspomagania mo\u017cliwe stanie si\u0119 pokonanie nawet ponad 60 kilometr\u00f3w w trakcie jednej wycieczki.<\/p>\n<p>\u2b50Czy kiedykolwiek uda\u0142o ci si\u0119 pokona\u0107 taki dystans na klasycznym rowerze? Oczywi\u015bcie jest to mo\u017cliwe, jednak wi\u0105\u017ce si\u0119 ze znacznym zm\u0119czeniem.<\/p>\n<p>\u2b50W przypadku roweru, takiego jak ten, pokonanie dystansu 60 kilometr\u00f3w nie b\u0119dzie stanowi\u0107 nawet najmniejszego wyzwania. A dzi\u0119ki wspomaganiu elektrycznemu zostawisz sobie wi\u0119cej si\u0142 na zwiedzanie nowych miejsc.<\/p>\n<p><b>\u2b50Nap\u0119d elektryczny jest zgodny z przepisami Prawa o ruchu drogowym, a maksymalna pr\u0119dko\u015b\u0107 wspomagania to 25 km\/h. Ruszaj wygodnie w drog\u0119!<\/b><\/p>\n<\/section><\/div>\n<\/section>","protected":false},"excerpt":{"rendered":"<p>Romet E-MODECO URB 2.0 to miejski rower elektryczny o zwi\u0119kszonej pojemno\u015bci baterii, kt\u00f3ra pozwala na d\u0142u\u017csze przejazdy. Jest to praktyczny<\/p>","protected":false},"featured_media":119166,"comment_status":"open","ping_status":"closed","template":"","meta":[],"product_brand":[],"product_cat":[130],"product_tag":[],"class_list":{"0":"post-119175","1":"product","2":"type-product","3":"status-publish","4":"has-post-thumbnail","6":"product_cat-bez-kategorii","8":"first","9":"instock","10":"taxable","11":"shipping-taxable","12":"purchasable","13":"product-type-simple"},"jetpack_sharing_enabled":true,"_links":{"self":[{"href":"https:\/\/roweryzpasja.pl\/en\/wp-json\/wp\/v2\/product\/119175","targetHints":{"allow":["GET"]}}],"collection":[{"href":"https:\/\/roweryzpasja.pl\/en\/wp-json\/wp\/v2\/product"}],"about":[{"href":"https:\/\/roweryzpasja.pl\/en\/wp-json\/wp\/v2\/types\/product"}],"replies":[{"embeddable":true,"href":"https:\/\/roweryzpasja.pl\/en\/wp-json\/wp\/v2\/comments?post=119175"}],"wp:featuredmedia":[{"embeddable":true,"href":"https:\/\/roweryzpasja.pl\/en\/wp-json\/wp\/v2\/media\/119166"}],"wp:attachment":[{"href":"https:\/\/roweryzpasja.pl\/en\/wp-json\/wp\/v2\/media?parent=119175"}],"wp:term":[{"taxonomy":"product_brand","embeddable":true,"href":"https:\/\/roweryzpasja.pl\/en\/wp-json\/wp\/v2\/product_brand?post=119175"},{"taxonomy":"product_cat","embeddable":true,"href":"https:\/\/roweryzpasja.pl\/en\/wp-json\/wp\/v2\/product_cat?post=119175"},{"taxonomy":"product_tag","embeddable":true,"href":"https:\/\/roweryzpasja.pl\/en\/wp-json\/wp\/v2\/product_tag?post=119175"}],"curies":[{"name":"wp","href":"https:\/\/api.w.org\/{rel}","templated":true}]}}